{"id":4237,"date":"2023-07-20T14:33:22","date_gmt":"2023-07-20T14:33:22","guid":{"rendered":"https:\/\/www.backtoeco.com\/solucions-circulars-concepte\/"},"modified":"2024-07-22T12:59:12","modified_gmt":"2024-07-22T12:59:12","slug":"solucions-circulars-concepte","status":"publish","type":"page","link":"https:\/\/www.backtoeco.com\/ca\/solucions-circulars-concepte\/","title":{"rendered":"Solucions circulars &#8211; Concepte"},"content":{"rendered":"\t\t<div data-elementor-type=\"wp-page\" data-elementor-id=\"4237\" class=\"elementor elementor-4237 elementor-478\" data-elementor-post-type=\"page\">\n\t\t\t\t<div class=\"elementor-element elementor-element-e39393b e-flex e-con-boxed e-con e-parent\" data-id=\"e39393b\" data-element_type=\"container\" data-settings=\"{&quot;background_background&quot;:&quot;classic&quot;}\">\n\t\t\t\t\t<div class=\"e-con-inner\">\n\t\t\t\t<div class=\"elementor-element elementor-element-7f45153 elementor-widget elementor-widget-menu-anchor\" data-id=\"7f45153\" data-element_type=\"widget\" data-widget_type=\"menu-anchor.default\">\n\t\t\t\t<div class=\"elementor-widget-container\">\n\t\t\t\t\t\t\t<div class=\"elementor-menu-anchor\" id=\"solucionescirculares\"><\/div>\n\t\t\t\t\t\t<\/div>\n\t\t\t\t<\/div>\n\t\t\t\t<div class=\"elementor-element elementor-element-cf7c8ac elementor-widget elementor-widget-heading\" data-id=\"cf7c8ac\" data-element_type=\"widget\" data-widget_type=\"heading.default\">\n\t\t\t\t<div class=\"elementor-widget-container\">\n\t\t\t\t\t<h1 class=\"elementor-heading-title elementor-size-medium\">Reciclatge t\u00e8xtil a Barcelona<\/h1>\t\t\t\t<\/div>\n\t\t\t\t<\/div>\n\t\t\t\t<div class=\"elementor-element elementor-element-1a02a5d elementor-widget elementor-widget-heading\" data-id=\"1a02a5d\" data-element_type=\"widget\" data-widget_type=\"heading.default\">\n\t\t\t\t<div class=\"elementor-widget-container\">\n\t\t\t\t\t<h2 class=\"elementor-heading-title elementor-size-default\">Solucions t\u00e8xtils circulars<\/h2>\t\t\t\t<\/div>\n\t\t\t\t<\/div>\n\t\t\t\t<div class=\"elementor-element elementor-element-0819b31 elementor-view-default elementor-widget elementor-widget-icon\" data-id=\"0819b31\" data-element_type=\"widget\" data-widget_type=\"icon.default\">\n\t\t\t\t<div class=\"elementor-widget-container\">\n\t\t\t\t\t\t\t<div class=\"elementor-icon-wrapper\">\n\t\t\t<div class=\"elementor-icon\">\n\t\t\t<svg xmlns=\"http:\/\/www.w3.org\/2000\/svg\" width=\"16\" height=\"8\" viewBox=\"0 0 16 8\" fill=\"none\"><path d=\"M1 1L7.89855 7L15 1\" stroke=\"white\" stroke-width=\"2\" stroke-miterlimit=\"10\" stroke-linecap=\"round\" stroke-linejoin=\"round\"><\/path><\/svg>\t\t\t<\/div>\n\t\t<\/div>\n\t\t\t\t\t\t<\/div>\n\t\t\t\t<\/div>\n\t\t\t\t\t<\/div>\n\t\t\t\t<\/div>\n\t\t<div class=\"elementor-element elementor-element-9ece4da e-flex e-con-boxed e-con e-parent\" data-id=\"9ece4da\" data-element_type=\"container\" data-settings=\"{&quot;background_background&quot;:&quot;classic&quot;}\">\n\t\t\t\t\t<div class=\"e-con-inner\">\n\t\t<div class=\"elementor-element elementor-element-b10ecbc e-con-full e-flex e-con e-child\" data-id=\"b10ecbc\" data-element_type=\"container\">\n\t\t<div class=\"elementor-element elementor-element-478370a e-flex e-con-boxed e-con e-child\" data-id=\"478370a\" data-element_type=\"container\">\n\t\t\t\t\t<div class=\"e-con-inner\">\n\t\t\t\t<div class=\"elementor-element elementor-element-a7216f0 elementor-widget elementor-widget-heading\" data-id=\"a7216f0\" data-element_type=\"widget\" data-widget_type=\"heading.default\">\n\t\t\t\t<div class=\"elementor-widget-container\">\n\t\t\t\t\t<h3 class=\"elementor-heading-title elementor-size-default\">Seleccionem, triturem, filem, teixim i creem<\/h3>\t\t\t\t<\/div>\n\t\t\t\t<\/div>\n\t\t\t\t<div class=\"elementor-element elementor-element-50926ab elementor-widget elementor-widget-text-editor\" data-id=\"50926ab\" data-element_type=\"widget\" data-widget_type=\"text-editor.default\">\n\t\t\t\t<div class=\"elementor-widget-container\">\n\t\t\t\t\t\t\t\t\t<p>Un nou producte a partir d&#8217;un material que podria considerar-se un residu i el fem a escala local.<\/p>\n\t\t\t\t\t\t\t\t<\/div>\n\t\t\t\t<\/div>\n\t\t\t\t\t<\/div>\n\t\t\t\t<\/div>\n\t\t<div class=\"elementor-element elementor-element-6621913 e-flex e-con-boxed e-con e-child\" data-id=\"6621913\" data-element_type=\"container\">\n\t\t\t\t\t<div class=\"e-con-inner\">\n\t\t\t\t<div class=\"elementor-element elementor-element-b197a7a elementor-widget elementor-widget-heading\" data-id=\"b197a7a\" data-element_type=\"widget\" data-widget_type=\"heading.default\">\n\t\t\t\t<div class=\"elementor-widget-container\">\n\t\t\t\t\t<h3 class=\"elementor-heading-title elementor-size-default\">Sobre els residus<\/h3>\t\t\t\t<\/div>\n\t\t\t\t<\/div>\n\t\t\t\t<div class=\"elementor-element elementor-element-7e29455 elementor-widget elementor-widget-text-editor\" data-id=\"7e29455\" data-element_type=\"widget\" data-widget_type=\"text-editor.default\">\n\t\t\t\t<div class=\"elementor-widget-container\">\n\t\t\t\t\t\t\t\t\t<p>Podem treballar amb un residu propi del client o podem buscar aquest residu gr\u00e0cies a diferents col\u00b7laboracions que tenim amb gestors de residus a Catalunya o empreses vinculades al sector t\u00e8xtil que desitgen recircular els seus residus i busquen col\u00b7laboracions en aquesta l\u00ednia.<\/p>\n\t\t\t\t\t\t\t\t<\/div>\n\t\t\t\t<\/div>\n\t\t\t\t\t<\/div>\n\t\t\t\t<\/div>\n\t\t\t\t<\/div>\n\t\t<div class=\"elementor-element elementor-element-1ff7bb8 e-flex e-con-boxed e-con e-child\" data-id=\"1ff7bb8\" data-element_type=\"container\" data-settings=\"{&quot;background_background&quot;:&quot;classic&quot;}\">\n\t\t\t\t\t<div class=\"e-con-inner\">\n\t\t\t\t\t<\/div>\n\t\t\t\t<\/div>\n\t\t\t\t\t<\/div>\n\t\t\t\t<\/div>\n\t\t<div class=\"elementor-element elementor-element-99fd294 e-flex e-con-boxed e-con e-parent\" data-id=\"99fd294\" data-element_type=\"container\">\n\t\t\t\t\t<div class=\"e-con-inner\">\n\t\t\t\t<div class=\"elementor-element elementor-element-4b5d601 elementor-widget elementor-widget-heading\" data-id=\"4b5d601\" data-element_type=\"widget\" data-widget_type=\"heading.default\">\n\t\t\t\t<div class=\"elementor-widget-container\">\n\t\t\t\t\t<h2 class=\"elementor-heading-title elementor-size-large\">Bones pr\u00e0ctiques de reciclatge t\u00e8xtil a Barcelona<\/h2>\t\t\t\t<\/div>\n\t\t\t\t<\/div>\n\t\t\t\t<div class=\"elementor-element elementor-element-e4c0e4e elementor-widget elementor-widget-text-editor\" data-id=\"e4c0e4e\" data-element_type=\"widget\" data-widget_type=\"text-editor.default\">\n\t\t\t\t<div class=\"elementor-widget-container\">\n\t\t\t\t\t\t\t\t\t<p><span style=\"font-weight: 400;\">El <strong>reciclatge t\u00e8xtil<\/strong> s&#8217;ha convertit en una pr\u00e0ctica fonamental per a reduir l&#8217;impacte ambiental i promoure la sostenibilitat. La nostra empresa es destaca per liderar aquest moviment, oferint <strong>solucions innovadores per al reciclatge t\u00e8xtil a Barcelona <\/strong>i la confecci\u00f3 de productes amb materials reciclats. Ens comprometem a <strong>recol\u00b7lectar t\u00e8xtils usats i donar-los una segona vida<\/strong>, transformant-los en productes nous i sostenibles. D&#8217;aquesta manera, no sols est\u00e0s contribuint a cura del medi ambient, sin\u00f3 que tamb\u00e9 est\u00e0s donant suport a una <strong>economia circular i \u00e8tica.<\/strong> Uneix-te a nosaltres en la nostra missi\u00f3 de <strong>canviar la ind\u00fastria t\u00e8xtil i crear un futur m\u00e9s net i conscient donant suport<\/strong> al reciclatge t\u00e8xtil a Barcelona.<\/span><\/p>\n\t\t\t\t\t\t\t\t<\/div>\n\t\t\t\t<\/div>\n\t\t\t\t\t<\/div>\n\t\t\t\t<\/div>\n\t\t\t\t<\/div>\n\t\t","protected":false},"excerpt":{"rendered":"<p>Reciclatge t\u00e8xtil a Barcelona Solucions t\u00e8xtils circulars Seleccionem, triturem, filem, teixim i creem Un nou producte a partir d&#8217;un material que podria considerar-se un residu i el fem a escala local. Sobre els residus Podem treballar amb un residu propi del client o podem buscar aquest residu gr\u00e0cies a diferents col\u00b7laboracions que tenim amb gestors [&hellip;]<\/p>\n","protected":false},"author":3,"featured_media":0,"parent":0,"menu_order":0,"comment_status":"closed","ping_status":"closed","template":"","meta":{"site-sidebar-layout":"no-sidebar","site-content-layout":"page-builder","ast-site-content-layout":"default","site-content-style":"default","site-sidebar-style":"default","ast-global-header-display":"","ast-banner-title-visibility":"","ast-main-header-display":"","ast-hfb-above-header-display":"","ast-hfb-below-header-display":"","ast-hfb-mobile-header-display":"","site-post-title":"disabled","ast-breadcrumbs-content":"","ast-featured-img":"disabled","footer-sml-layout":"","theme-transparent-header-meta":"","adv-header-id-meta":"","stick-header-meta":"","header-above-stick-meta":"","header-main-stick-meta":"","header-below-stick-meta":"","astra-migrate-meta-layouts":"default","ast-page-background-enabled":"default","ast-page-background-meta":{"desktop":{"background-color":"var(--ast-global-color-4)","background-image":"","background-repeat":"repeat","background-position":"center center","background-size":"auto","background-attachment":"scroll","background-type":"","background-media":"","overlay-type":"","overlay-color":"","overlay-opacity":"","overlay-gradient":""},"tablet":{"background-color":"","background-image":"","background-repeat":"repeat","background-position":"center center","background-size":"auto","background-attachment":"scroll","background-type":"","background-media":"","overlay-type":"","overlay-color":"","overlay-opacity":"","overlay-gradient":""},"mobile":{"background-color":"","background-image":"","background-repeat":"repeat","background-position":"center center","background-size":"auto","background-attachment":"scroll","background-type":"","background-media":"","overlay-type":"","overlay-color":"","overlay-opacity":"","overlay-gradient":""}},"ast-content-background-meta":{"desktop":{"background-color":"var(--ast-global-color-5)","background-image":"","background-repeat":"repeat","background-position":"center center","background-size":"auto","background-attachment":"scroll","background-type":"","background-media":"","overlay-type":"","overlay-color":"","overlay-opacity":"","overlay-gradient":""},"tablet":{"background-color":"var(--ast-global-color-5)","background-image":"","background-repeat":"repeat","background-position":"center center","background-size":"auto","background-attachment":"scroll","background-type":"","background-media":"","overlay-type":"","overlay-color":"","overlay-opacity":"","overlay-gradient":""},"mobile":{"background-color":"var(--ast-global-color-5)","background-image":"","background-repeat":"repeat","background-position":"center center","background-size":"auto","background-attachment":"scroll","background-type":"","background-media":"","overlay-type":"","overlay-color":"","overlay-opacity":"","overlay-gradient":""}},"footnotes":""},"class_list":["post-4237","page","type-page","status-publish","hentry"],"yoast_head":"<!-- This site is optimized with the Yoast SEO plugin v25.3.1 - https:\/\/yoast.com\/wordpress\/plugins\/seo\/ -->\n<title>Solucions T\u00e8xtils Circulars.Back to Eco<\/title>\n<meta name=\"description\" content=\"Reciclatge T\u00e8xtil. Utilitzar peces usades i donar-les una nova vida. Contribuint al medi ambient i donant suport a una economia circular.\" \/>\n<meta name=\"robots\" content=\"index, follow, max-snippet:-1, max-image-preview:large, max-video-preview:-1\" \/>\n<link rel=\"canonical\" href=\"https:\/\/www.backtoeco.com\/ca\/solucions-circulars-concepte\/\" \/>\n<meta property=\"og:locale\" content=\"ca_ES\" \/>\n<meta property=\"og:type\" content=\"article\" \/>\n<meta property=\"og:title\" content=\"Solucions T\u00e8xtils Circulars.Back to Eco\" \/>\n<meta property=\"og:description\" content=\"Reciclatge T\u00e8xtil. Utilitzar peces usades i donar-les una nova vida. Contribuint al medi ambient i donant suport a una economia circular.\" \/>\n<meta property=\"og:url\" content=\"https:\/\/www.backtoeco.com\/ca\/solucions-circulars-concepte\/\" \/>\n<meta property=\"og:site_name\" content=\"Back to Eco\" \/>\n<meta property=\"article:publisher\" content=\"https:\/\/www.facebook.com\/Infinitdenim\/\" \/>\n<meta property=\"article:modified_time\" content=\"2024-07-22T12:59:12+00:00\" \/>\n<meta name=\"twitter:card\" content=\"summary_large_image\" \/>\n<meta name=\"twitter:label1\" content=\"Temps estimat de lectura\" \/>\n\t<meta name=\"twitter:data1\" content=\"1 minut\" \/>\n<script type=\"application\/ld+json\" class=\"yoast-schema-graph\">{\"@context\":\"https:\/\/schema.org\",\"@graph\":[{\"@type\":\"WebPage\",\"@id\":\"https:\/\/www.backtoeco.com\/ca\/solucions-circulars-concepte\/\",\"url\":\"https:\/\/www.backtoeco.com\/ca\/solucions-circulars-concepte\/\",\"name\":\"Solucions T\u00e8xtils Circulars.Back to Eco\",\"isPartOf\":{\"@id\":\"https:\/\/www.backtoeco.com\/#website\"},\"datePublished\":\"2023-07-20T14:33:22+00:00\",\"dateModified\":\"2024-07-22T12:59:12+00:00\",\"description\":\"Reciclatge T\u00e8xtil. Utilitzar peces usades i donar-les una nova vida. Contribuint al medi ambient i donant suport a una economia circular.\",\"breadcrumb\":{\"@id\":\"https:\/\/www.backtoeco.com\/ca\/solucions-circulars-concepte\/#breadcrumb\"},\"inLanguage\":\"ca\",\"potentialAction\":[{\"@type\":\"ReadAction\",\"target\":[\"https:\/\/www.backtoeco.com\/ca\/solucions-circulars-concepte\/\"]}]},{\"@type\":\"BreadcrumbList\",\"@id\":\"https:\/\/www.backtoeco.com\/ca\/solucions-circulars-concepte\/#breadcrumb\",\"itemListElement\":[{\"@type\":\"ListItem\",\"position\":1,\"name\":\"Portada\",\"item\":\"https:\/\/www.backtoeco.com\/ca\/\"},{\"@type\":\"ListItem\",\"position\":2,\"name\":\"Solucions circulars &#8211; Concepte\"}]},{\"@type\":\"WebSite\",\"@id\":\"https:\/\/www.backtoeco.com\/#website\",\"url\":\"https:\/\/www.backtoeco.com\/\",\"name\":\"Back to Eco\",\"description\":\"Somos referente en la promoci\u00f3n de la circularidad textil a nivel espa\u00f1ol\",\"publisher\":{\"@id\":\"https:\/\/www.backtoeco.com\/#organization\"},\"alternateName\":\"Back to Eco\",\"potentialAction\":[{\"@type\":\"SearchAction\",\"target\":{\"@type\":\"EntryPoint\",\"urlTemplate\":\"https:\/\/www.backtoeco.com\/?s={search_term_string}\"},\"query-input\":{\"@type\":\"PropertyValueSpecification\",\"valueRequired\":true,\"valueName\":\"search_term_string\"}}],\"inLanguage\":\"ca\"},{\"@type\":\"Organization\",\"@id\":\"https:\/\/www.backtoeco.com\/#organization\",\"name\":\"Back to Eco\",\"alternateName\":\"Back to Eco\",\"url\":\"https:\/\/www.backtoeco.com\/\",\"logo\":{\"@type\":\"ImageObject\",\"inLanguage\":\"ca\",\"@id\":\"https:\/\/www.backtoeco.com\/#\/schema\/logo\/image\/\",\"url\":\"https:\/\/www.backtoeco.com\/wp-content\/uploads\/2023\/06\/backToEco-logo.svg\",\"contentUrl\":\"https:\/\/www.backtoeco.com\/wp-content\/uploads\/2023\/06\/backToEco-logo.svg\",\"width\":500,\"height\":440,\"caption\":\"Back to Eco\"},\"image\":{\"@id\":\"https:\/\/www.backtoeco.com\/#\/schema\/logo\/image\/\"},\"sameAs\":[\"https:\/\/www.facebook.com\/Infinitdenim\/\",\"https:\/\/www.instagram.com\/backtoeco\/?hl=es\"]}]}<\/script>\n<!-- \/ Yoast SEO plugin. -->","yoast_head_json":{"title":"Solucions T\u00e8xtils Circulars.Back to Eco","description":"Reciclatge T\u00e8xtil. Utilitzar peces usades i donar-les una nova vida. Contribuint al medi ambient i donant suport a una economia circular.","robots":{"index":"index","follow":"follow","max-snippet":"max-snippet:-1","max-image-preview":"max-image-preview:large","max-video-preview":"max-video-preview:-1"},"canonical":"https:\/\/www.backtoeco.com\/ca\/solucions-circulars-concepte\/","og_locale":"ca_ES","og_type":"article","og_title":"Solucions T\u00e8xtils Circulars.Back to Eco","og_description":"Reciclatge T\u00e8xtil. Utilitzar peces usades i donar-les una nova vida. Contribuint al medi ambient i donant suport a una economia circular.","og_url":"https:\/\/www.backtoeco.com\/ca\/solucions-circulars-concepte\/","og_site_name":"Back to Eco","article_publisher":"https:\/\/www.facebook.com\/Infinitdenim\/","article_modified_time":"2024-07-22T12:59:12+00:00","twitter_card":"summary_large_image","twitter_misc":{"Temps estimat de lectura":"1 minut"},"schema":{"@context":"https:\/\/schema.org","@graph":[{"@type":"WebPage","@id":"https:\/\/www.backtoeco.com\/ca\/solucions-circulars-concepte\/","url":"https:\/\/www.backtoeco.com\/ca\/solucions-circulars-concepte\/","name":"Solucions T\u00e8xtils Circulars.Back to Eco","isPartOf":{"@id":"https:\/\/www.backtoeco.com\/#website"},"datePublished":"2023-07-20T14:33:22+00:00","dateModified":"2024-07-22T12:59:12+00:00","description":"Reciclatge T\u00e8xtil. Utilitzar peces usades i donar-les una nova vida. Contribuint al medi ambient i donant suport a una economia circular.","breadcrumb":{"@id":"https:\/\/www.backtoeco.com\/ca\/solucions-circulars-concepte\/#breadcrumb"},"inLanguage":"ca","potentialAction":[{"@type":"ReadAction","target":["https:\/\/www.backtoeco.com\/ca\/solucions-circulars-concepte\/"]}]},{"@type":"BreadcrumbList","@id":"https:\/\/www.backtoeco.com\/ca\/solucions-circulars-concepte\/#breadcrumb","itemListElement":[{"@type":"ListItem","position":1,"name":"Portada","item":"https:\/\/www.backtoeco.com\/ca\/"},{"@type":"ListItem","position":2,"name":"Solucions circulars &#8211; Concepte"}]},{"@type":"WebSite","@id":"https:\/\/www.backtoeco.com\/#website","url":"https:\/\/www.backtoeco.com\/","name":"Back to Eco","description":"Somos referente en la promoci\u00f3n de la circularidad textil a nivel espa\u00f1ol","publisher":{"@id":"https:\/\/www.backtoeco.com\/#organization"},"alternateName":"Back to Eco","potentialAction":[{"@type":"SearchAction","target":{"@type":"EntryPoint","urlTemplate":"https:\/\/www.backtoeco.com\/?s={search_term_string}"},"query-input":{"@type":"PropertyValueSpecification","valueRequired":true,"valueName":"search_term_string"}}],"inLanguage":"ca"},{"@type":"Organization","@id":"https:\/\/www.backtoeco.com\/#organization","name":"Back to Eco","alternateName":"Back to Eco","url":"https:\/\/www.backtoeco.com\/","logo":{"@type":"ImageObject","inLanguage":"ca","@id":"https:\/\/www.backtoeco.com\/#\/schema\/logo\/image\/","url":"https:\/\/www.backtoeco.com\/wp-content\/uploads\/2023\/06\/backToEco-logo.svg","contentUrl":"https:\/\/www.backtoeco.com\/wp-content\/uploads\/2023\/06\/backToEco-logo.svg","width":500,"height":440,"caption":"Back to Eco"},"image":{"@id":"https:\/\/www.backtoeco.com\/#\/schema\/logo\/image\/"},"sameAs":["https:\/\/www.facebook.com\/Infinitdenim\/","https:\/\/www.instagram.com\/backtoeco\/?hl=es"]}]}},"jetpack_sharing_enabled":true,"_links":{"self":[{"href":"https:\/\/www.backtoeco.com\/ca\/wp-json\/wp\/v2\/pages\/4237","targetHints":{"allow":["GET"]}}],"collection":[{"href":"https:\/\/www.backtoeco.com\/ca\/wp-json\/wp\/v2\/pages"}],"about":[{"href":"https:\/\/www.backtoeco.com\/ca\/wp-json\/wp\/v2\/types\/page"}],"author":[{"embeddable":true,"href":"https:\/\/www.backtoeco.com\/ca\/wp-json\/wp\/v2\/users\/3"}],"replies":[{"embeddable":true,"href":"https:\/\/www.backtoeco.com\/ca\/wp-json\/wp\/v2\/comments?post=4237"}],"version-history":[{"count":1,"href":"https:\/\/www.backtoeco.com\/ca\/wp-json\/wp\/v2\/pages\/4237\/revisions"}],"predecessor-version":[{"id":4243,"href":"https:\/\/www.backtoeco.com\/ca\/wp-json\/wp\/v2\/pages\/4237\/revisions\/4243"}],"wp:attachment":[{"href":"https:\/\/www.backtoeco.com\/ca\/wp-json\/wp\/v2\/media?parent=4237"}],"curies":[{"name":"wp","href":"https:\/\/api.w.org\/{rel}","templated":true}]}}